{"id":73,"date":"2021-02-03T11:44:17","date_gmt":"2021-02-03T11:44:17","guid":{"rendered":"https:\/\/gestimedios.com\/?page_id=73"},"modified":"2022-10-17T15:11:21","modified_gmt":"2022-10-17T15:11:21","slug":"cookies","status":"publish","type":"page","link":"https:\/\/gestimedios.com\/domoglamping\/cookies\/","title":{"rendered":"Cookies"},"content":{"rendered":"<p>[et_pb_section fb_built=\u00bb1&#8243; _builder_version=\u00bb4.16&#8243; _module_preset=\u00bbdefault\u00bb global_colors_info=\u00bb{}\u00bb][et_pb_row _builder_version=\u00bb4.17.4&#8243; _module_preset=\u00bbdefault\u00bb width=\u00bb700px\u00bb width_tablet=\u00bb80%\u00bb width_phone=\u00bb80%\u00bb width_last_edited=\u00bbon|tablet\u00bb custom_margin=\u00bb-17px|auto||auto||\u00bb custom_padding=\u00bb0px||20px||false|false\u00bb global_colors_info=\u00bb{}\u00bb][et_pb_column type=\u00bb4_4&#8243; _builder_version=\u00bb4.17.4&#8243; _module_preset=\u00bbdefault\u00bb global_colors_info=\u00bb{}\u00bb][et_pb_text _builder_version=\u00bb4.18.0&#8243; _module_preset=\u00bbb327cbe4-b1d5-4b66-ad37-40c8f2f061ba\u00bb header_2_font=\u00bbDarker Grotesque|700|||||||\u00bb header_2_text_color=\u00bb#000000&#8243; header_2_font_size=\u00bb48px\u00bb text_orientation=\u00bbcenter\u00bb header_2_font_size_tablet=\u00bb32px\u00bb header_2_font_size_phone=\u00bb20px\u00bb header_2_font_size_last_edited=\u00bbon|desktop\u00bb global_colors_info=\u00bb{}\u00bb]<\/p>\n<h2>POLITICA DE COOKIES<\/h2>\n<p>[\/et_pb_text][et_pb_divider color=\u00bb#005e00&#8243; divider_weight=\u00bb2px\u00bb _builder_version=\u00bb4.18.0&#8243; _module_preset=\u00bbdefault\u00bb width=\u00bb77%\u00bb module_alignment=\u00bbcenter\u00bb global_colors_info=\u00bb{}\u00bb][\/et_pb_divider][\/et_pb_column][\/et_pb_row][et_pb_row _builder_version=\u00bb4.16&#8243; _module_preset=\u00bbdefault\u00bb custom_padding=\u00bb1px|||||\u00bb global_colors_info=\u00bb{}\u00bb][et_pb_column type=\u00bb4_4&#8243; _builder_version=\u00bb4.16&#8243; _module_preset=\u00bbdefault\u00bb global_colors_info=\u00bb{}\u00bb][et_pb_text _builder_version=\u00bb4.18.0&#8243; _module_preset=\u00bbdefault\u00bb header_text_align=\u00bbcenter\u00bb header_text_color=\u00bb#5dc421&#8243; header_font_size=\u00bb35px\u00bb hover_enabled=\u00bb0&#8243; header_text_shadow_style=\u00bbpreset2&#8243; global_colors_info=\u00bb{}\u00bb sticky_enabled=\u00bb0&#8243;]<\/p>\n<h4 style=\"text-align: justify;\">1. Cookies<\/h4>\n<p style=\"text-align: justify;\">1.1. DOMO GLAMP DCC, le informa que este Sitio Web utiliza cookies que ayudan a optimizar su visita. Si continua navegando en este Sitio Web, consideramos que acepta su uso.<\/p>\n<p style=\"text-align: justify;\">1.2. Una cookie es un fichero que se descarga en su ordenador al acceder a determinadas p\u00e1ginas web. Las cookies permiten a un Sitio Web, entre otras cosas, almacenar y recuperar informaci\u00f3n sobre los h\u00e1bitos de navegaci\u00f3n de un usuario o de su equipo y, dependiendo de la informaci\u00f3n que contengan y de la forma en que utilice su equipo, pueden utilizarse para reconocer al Usuario.<\/p>\n<p style=\"text-align: justify;\">1.3. DOMO GLAMP DCC, tiene la obligaci\u00f3n por el Real Decreto-ley 13\/2012 que modifica la Ley 34\/2002, de 11 de julio, de servicios de la sociedad de la informaci\u00f3n y de comercio electr\u00f3nico, de informar y obtener el consentimiento del Usuario acerca del uso de las cookies en este Sitio Web.<\/p>\n<h4 style=\"text-align: justify;\">2. Tipos de cookies<\/h4>\n<p style=\"text-align: justify;\">2.1. Seg\u00fan quien sea la entidad que gestione el dominio desde donde se envian las cookies y trate los datos que se obtengan se pueden distinguir dos tipos: cookies propias y cookies de terceros.<\/p>\n<p style=\"text-align: justify;\">2.2. Existe tambi\u00e9n una segunda clasificaci\u00f3n seg\u00fan el plazo de tiempo que permanecen almacenadas en el navegador del cliente, pudiendo tratarse de cookies de sesi\u00f3n o cookies persistentes.<\/p>\n<p style=\"text-align: justify;\">2.3. Por \u00faltimo, existe otra clasificaci\u00f3n con cinco tipos de cookies seg\u00fan la finalidad para la que se traten los datos obtenidos: cookies t\u00e9cnicas, cookies de personalizaci\u00f3n, cookies de an\u00e1lisis, cookies publicitarias y cookies de publicidad comportamental.<\/p>\n<h4 style=\"text-align: justify;\">3. Cookies utilizadas en este Sitio Web<\/h4>\n<p style=\"text-align: justify;\"><b>Cookies estrictamente necesarias<\/b><\/p>\n<p style=\"text-align: justify;\">Estas cookies son necesarias para el correcto uso de la p\u00e1gina web, permitiendo el acceso a secciones que cuentan con filtros de seguridad. Sin estas cookies, muchos de los servicios disponibles no estaran operativos.<\/p>\n<p style=\"text-align: justify;\"><b>Cookies de Navegaci\u00f3n<\/b><\/p>\n<p style=\"text-align: justify;\">Estas cookies recogen informac\u00f3in sobre el uso que las visitas hacen de la web, por ejemplo p\u00e1ginas vistas, errores de carga Es informaci\u00f3n gen\u00e9rica y an\u00f3nima, donde no se incluyen datos personales, ni se recoge informaci\u00f3n que identifique a los visitantes; siendo el objetivo \u00faltimo mejorar el funcionamiento de la web. Al visitar nuestra p\u00e1gina web, acepta la instalaci\u00f3n de estas cookies en su dispositivo.<\/p>\n<p style=\"text-align: justify;\"><b>Cookies Funcionales<\/b><\/p>\n<p style=\"text-align: justify;\">Estas cookies permiten recordar informaci\u00f3n (como su nombre de usuario, idioma o la regi\u00f3n en la que se encuentra) y caractersticas m\u00e1s personales. Por ejemplo, la posibilidad de ofrecer contenido personalizado basado en la informaci\u00f3n y criterios que hayas proporcionado voluntariamente. Estas cookies tambi\u00e9n pueden utilizarse para recordar los cambios realizados en el tama\u00f1o del texto, fuentes y otras partes personalizables de la p\u00e1gina web. Tambi\u00e9n se utilizan para ofrecer algunos servicios solicitados, como ver un video o comentar en un blog. La informaci\u00f3n que recopilan estas cookies puede ser an\u00f3nima y no podr\u00e1 ser seguida su actividad en otras p\u00e1ginas web.<\/p>\n<p style=\"text-align: justify;\">3.2. Para m\u00e1s informaci\u00f3n sobre Facebook<span style=\"font-size: 8pt;\"> <a href=\"https:\/\/www.facebook.com\/help\/cookies\">pulse aqu\u00ed.<\/a><\/span><\/p>\n<p style=\"text-align: justify;\">3.3. Para m\u00e1s informaci\u00f3n sobre Twitter <a href=\"https:\/\/twitter.com\/privacy\">pulse aqu\u00ed.<\/a><\/p>\n<p style=\"text-align: justify;\">3.4. Para m\u00e1s informaci\u00f3n sobre YouTube <a href=\"http:\/\/www.google.es\/intl\/es\/policies\/privacy\/\">pulse aqu\u00ed<\/a>.<\/p>\n<p style=\"text-align: justify;\">3.5. Dadas las caractersticas de Internet, no siempre contamos con informacin de las cookies que colocan terceras partes a trav\u00e9s de este Sitio Web. Por consiguiente, en caso de que se encuentre con este tipo de cookies en este Sitio Web y no est\u00e9n aqu\u00ed descritas, le rogamos nos lo comunique. Tambi\u00e9n puede ponerse en contacto directamente con el tercero para pedirle informaci\u00f3n sobre las cookies que coloca, la finalidad y la duraci\u00f3n de la cookie, y c\u00f3mo garantiza la privacidad del Usuario.<\/p>\n<h4 style=\"text-align: justify;\">4. Modificar la configuraci\u00f3n de las cookies<\/h4>\n<p style=\"text-align: justify;\">4.1. El Usuario puede permitir, bloquear o eliminar las cookies instaladas en su equipo mediante la configuracin de las opciones del navegador instalado en su equipo.<\/p>\n<p style=\"text-align: justify;\">4.2. Para m\u00e1s informaci\u00f3n sobre Internet Explorer <a href=\"http:\/\/windows.microsoft.com\/es-xl\/internet-explorer\/delete-manage-cookies#ie=ie-10\" data-et-has-event-already=\"true\">pulse aqu\u00ed.<\/a><\/p>\n<p style=\"text-align: justify;\">4.3. Para m\u00e1s informaci\u00f3n sobre Firefox <a href=\"http:\/\/support.mozilla.org\/es\/kb\/Borrar%20cookies\">pulse aqu\u00ed.<\/a><\/p>\n<p style=\"text-align: justify;\">4.4. Para m\u00e1s informaci\u00f3n sobre Chrome <a href=\"https:\/\/support.google.com\/chrome\/answer\/95647\">pulse aqu\u00ed.<\/a><\/p>\n<p style=\"text-align: justify;\">4.5. Para m\u00e1s informaci\u00f3n sobre Safari <a href=\"http:\/\/www.apple.com\/es\/privacy\/use-of-cookies\/\">pulse aqu\u00ed.<\/a><\/p>\n<p style=\"text-align: justify;\">4.6 Para m\u00e1s informaci\u00f3n sobre Opera (Windows) <a href=\"http:\/\/help.opera.com\/Windows\/11.50\/es-ES\/cookies.html\"> pulse aqu\u00ed.<\/a><\/p>\n<p style=\"text-align: justify;\">4.6 Para m\u00e1s informaci\u00f3n sobre Opera (MAC) <a href=\"http:\/\/help.opera.com\/Mac\/12.10\/es-LA\/cookies.html\"> pulse aqu\u00ed.<\/a><\/p>\n<h4 style=\"text-align: justify;\">5. G\u00edua sobre el uso de las cookies.<\/h4>\n<p style=\"text-align: justify;\">5.1. Puede obtener m\u00e1s informaci\u00f3n sobre el uso de las cookies en la gu\u00eda elaborada por la <a href=\"http:\/\/www.agpd.es\/portalwebAGPD\/canaldocumentacion\/publicaciones\/common\/Guias\/Guia_Cookies.pdf\">Agencia Espa\u00f1ola de Protecci\u00f3n de Datos<\/a><\/p>\n<p>[\/et_pb_text][\/et_pb_column][\/et_pb_row][\/et_pb_section]<\/p>\n","protected":false},"excerpt":{"rendered":"<p>POLITICA DE COOKIES1. Cookies 1.1. DOMO GLAMP DCC, le informa que este Sitio Web utiliza cookies que ayudan a optimizar su visita. Si continua navegando en este Sitio Web, consideramos que acepta su uso. 1.2. Una cookie es un fichero que se descarga en su ordenador al acceder a determinadas p\u00e1ginas web. Las cookies permiten [&hellip;]<\/p>\n","protected":false},"author":1,"featured_media":0,"parent":0,"menu_order":0,"comment_status":"closed","ping_status":"closed","template":"","meta":{"_et_pb_use_builder":"on","_et_pb_old_content":"","_et_gb_content_width":"","footnotes":""},"class_list":["post-73","page","type-page","status-publish","hentry"],"_links":{"self":[{"href":"https:\/\/gestimedios.com\/domoglamping\/wp-json\/wp\/v2\/pages\/73","targetHints":{"allow":["GET"]}}],"collection":[{"href":"https:\/\/gestimedios.com\/domoglamping\/wp-json\/wp\/v2\/pages"}],"about":[{"href":"https:\/\/gestimedios.com\/domoglamping\/wp-json\/wp\/v2\/types\/page"}],"author":[{"embeddable":true,"href":"https:\/\/gestimedios.com\/domoglamping\/wp-json\/wp\/v2\/users\/1"}],"replies":[{"embeddable":true,"href":"https:\/\/gestimedios.com\/domoglamping\/wp-json\/wp\/v2\/comments?post=73"}],"version-history":[{"count":2,"href":"https:\/\/gestimedios.com\/domoglamping\/wp-json\/wp\/v2\/pages\/73\/revisions"}],"predecessor-version":[{"id":540,"href":"https:\/\/gestimedios.com\/domoglamping\/wp-json\/wp\/v2\/pages\/73\/revisions\/540"}],"wp:attachment":[{"href":"https:\/\/gestimedios.com\/domoglamping\/wp-json\/wp\/v2\/media?parent=73"}],"curies":[{"name":"wp","href":"https:\/\/api.w.org\/{rel}","templated":true}]}}