{"id":713,"date":"2022-11-02T11:43:13","date_gmt":"2022-11-02T11:43:13","guid":{"rendered":"https:\/\/gestimedios.com\/domoglamping\/?page_id=713"},"modified":"2023-02-10T09:21:17","modified_gmt":"2023-02-10T09:21:17","slug":"uso-privado","status":"publish","type":"page","link":"https:\/\/gestimedios.com\/domoglamping\/uso-privado\/","title":{"rendered":"uso privado"},"content":{"rendered":"\n[et_pb_section fb_built=\u00bb1&#8243; admin_label=\u00bbHeader\u00bb _builder_version=\u00bb4.18.0&#8243; _module_preset=\u00bbdefault\u00bb use_background_color_gradient=\u00bbon\u00bb background_color_gradient_stops=\u00bb#2e5b61 0%|rgba(46,91,97,0) 76%\u00bb background_color_gradient_overlays_image=\u00bbon\u00bb background_image=\u00bbhttps:\/\/gestimedios.com\/domoglamping\/wp-content\/uploads\/sites\/4\/2022\/11\/casa-geodesica-alquiler-espana-domo-dcc-3000-6.jpg\u00bb background_position=\u00bbtop_center\u00bb background_vertical_offset=\u00bb61%\u00bb custom_padding=\u00bb0px||5vw||false|false\u00bb bottom_divider_style=\u00bbcurve\u00bb bottom_divider_color=\u00bb#e5e8f0&#8243; bottom_divider_height=\u00bb8vw\u00bb hover_enabled=\u00bb0&#8243; locked=\u00bboff\u00bb collapsed=\u00bboff\u00bb global_colors_info=\u00bb{}\u00bb sticky_enabled=\u00bb0&#8243; alt=\u00bbalt-domo-uso-privado-casa geodesica-espa\u00f1a- domo\u00bb title_text=\u00bbalt-domo-uso-privado-casa geodesica-espa\u00f1a- domo\u00bb][et_pb_row _builder_version=\u00bb4.18.0&#8243; _module_preset=\u00bbdefault\u00bb width=\u00bb50%\u00bb width_tablet=\u00bb80%\u00bb width_phone=\u00bb80%\u00bb width_last_edited=\u00bbon|tablet\u00bb global_colors_info=\u00bb{}\u00bb width__hover_enabled=\u00bboff|desktop\u00bb][et_pb_column type=\u00bb4_4&#8243; _builder_version=\u00bb4.17.1&#8243; _module_preset=\u00bbdefault\u00bb global_colors_info=\u00bb{}\u00bb][et_pb_text admin_label=\u00bbt\u00edtulo\u00bb _builder_version=\u00bb4.18.0&#8243; _module_preset=\u00bbc16985e1-e0d6-4022-964d-e2bfc04fa633&#8243; header_font=\u00bb|700|||||||\u00bb header_text_color=\u00bb#E1ECEA\u00bb header_font_size=\u00bb53px\u00bb header_line_height=\u00bb1.1em\u00bb text_orientation=\u00bbcenter\u00bb custom_margin=\u00bb||0px||false|false\u00bb header_font_size_tablet=\u00bb40px\u00bb header_font_size_phone=\u00bb24px\u00bb header_font_size_last_edited=\u00bbon|desktop\u00bb global_colors_info=\u00bb{}\u00bb]<h1>USO PRIVADO<\/h1>[\/et_pb_text][et_pb_text _builder_version=\u00bb4.18.0&#8243; _module_preset=\u00bb1f09816e-184e-4ce5-a4cf-b39c52c423ca\u00bb text_font=\u00bbInter||||||||\u00bb text_text_color=\u00bb#E1ECEA\u00bb text_font_size=\u00bb15px\u00bb text_line_height=\u00bb1.8em\u00bb header_font_size=\u00bb15px\u00bb text_orientation=\u00bbcenter\u00bb text_font_size_tablet=\u00bb16px\u00bb text_font_size_phone=\u00bb14px\u00bb text_font_size_last_edited=\u00bbon|tablet\u00bb header_font_size_tablet=\u00bb55px\u00bb header_font_size_last_edited=\u00bboff|desktop\u00bb text_text_shadow_style=\u00bbpreset1&#8243; text_text_shadow_vertical_length=\u00bb0.05em\u00bb text_text_shadow_blur_strength=\u00bb0.27em\u00bb global_colors_info=\u00bb{}\u00bb]<p class=\"paragraph\" style=\"margin: 0cm; vertical-align: baseline;\">Un <strong>domo uso privado <\/strong>es una gran elecci\u00f3n para completar una segunda vivienda. Si tienes una casa en el campo o un terreno \u00bfpor qu\u00e9 no habilitar un nuevo espacio?<strong>DIFERENTE, NOVEDOSO Y VERSATIL.\u00a0<\/strong><\/p>[\/et_pb_text][\/et_pb_column][\/et_pb_row][et_pb_row _builder_version=\u00bb4.18.0&#8243; _module_preset=\u00bbdefault\u00bb positioning=\u00bbabsolute\u00bb position_origin_a=\u00bbbottom_center\u00bb vertical_offset=\u00bb-1px\u00bb width=\u00bb100%\u00bb max_width=\u00bb100%\u00bb custom_margin=\u00bb||42px||false|false\u00bb custom_padding=\u00bb||0px||false|false\u00bb locked=\u00bboff\u00bb collapsed=\u00bbon\u00bb global_colors_info=\u00bb{}\u00bb][et_pb_column type=\u00bb4_4&#8243; _builder_version=\u00bb4.17.3&#8243; _module_preset=\u00bbdefault\u00bb global_colors_info=\u00bb{}\u00bb][et_pb_image src=\u00bbhttps:\/\/gestimedios.com\/domoglamping\/wp-content\/uploads\/sites\/4\/2022\/10\/therapy-52.png\u00bb title_text=\u00bbtherapy-52&#8243; force_fullwidth=\u00bbon\u00bb _builder_version=\u00bb4.18.0&#8243; _module_preset=\u00bbdefault\u00bb custom_margin=\u00bb||-171px||false|false\u00bb custom_padding=\u00bb||0px||false|false\u00bb global_colors_info=\u00bb{}\u00bb][\/et_pb_image][et_pb_button button_url=\u00bb@ET-DC@eyJkeW5hbWljIjp0cnVlLCJjb250ZW50IjoicG9zdF9saW5rX3VybF9wYWdlIiwic2V0dGluZ3MiOnsicG9zdF9pZCI6IjQxMiJ9fQ==@\u00bb url_new_window=\u00bbon\u00bb button_text=\u00bbRELLENA EL FORMULARIO\u00bb button_alignment=\u00bbcenter\u00bb disabled_on=\u00bbon|on|off\u00bb _builder_version=\u00bb4.18.0&#8243; _dynamic_attributes=\u00bbbutton_url\u00bb _module_preset=\u00bbf489fdc3-bf1e-40c7-852b-c42851d4acb9&#8243; custom_button=\u00bbon\u00bb button_text_size=\u00bb14px\u00bb button_text_color=\u00bb#2E5B61&#8243; button_bg_color=\u00bb#FFFFFF\u00bb button_border_width=\u00bb0px\u00bb button_border_radius=\u00bb50px\u00bb button_font=\u00bbInter|600|||||||\u00bb custom_padding=\u00bb20px|40px|20px|40px|true|true\u00bb global_colors_info=\u00bb{}\u00bb][\/et_pb_button][\/et_pb_column][\/et_pb_row][\/et_pb_section][et_pb_section fb_built=\u00bb1&#8243; admin_label=\u00bbFAQ\u00bb _builder_version=\u00bb4.18.0&#8243; _module_preset=\u00bbdefault\u00bb use_background_color_gradient=\u00bbon\u00bb background_color_gradient_stops=\u00bb#e5e8f0 0%|rgba(229,232,240,0) 100%\u00bb background_video_mp4=\u00bbhttps:\/\/gestimedios.com\/domoglamping\/wp-content\/uploads\/sites\/4\/2022\/11\/alquiler-glamping-espana-2.mp4&#8243; custom_padding=\u00bb57px|||||\u00bb top_divider_flip=\u00bbhorizontal\u00bb hover_enabled=\u00bb0&#8243; collapsed=\u00bboff\u00bb global_colors_info=\u00bb{}\u00bb title_text=\u00bbalt-domo-uso-privado-casa geodesica-espa\u00f1a-domo-glampping\u00bb sticky_enabled=\u00bb0&#8243;][et_pb_row _builder_version=\u00bb4.18.0&#8243; _module_preset=\u00bbdefault\u00bb global_colors_info=\u00bb{}\u00bb][et_pb_column type=\u00bb4_4&#8243; _builder_version=\u00bb4.18.0&#8243; _module_preset=\u00bbdefault\u00bb global_colors_info=\u00bb{}\u00bb][et_pb_button button_url=\u00bb@ET-DC@eyJkeW5hbWljIjp0cnVlLCJjb250ZW50IjoicG9zdF9saW5rX3VybF9wYWdlIiwic2V0dGluZ3MiOnsicG9zdF9pZCI6IjQxMiJ9fQ==@\u00bb url_new_window=\u00bbon\u00bb button_text=\u00bbRELLENA EL FORMULARIO\u00bb button_alignment=\u00bbcenter\u00bb disabled_on=\u00bboff|off|on\u00bb _builder_version=\u00bb4.18.0&#8243; _dynamic_attributes=\u00bbbutton_url\u00bb _module_preset=\u00bbf489fdc3-bf1e-40c7-852b-c42851d4acb9&#8243; custom_button=\u00bbon\u00bb button_text_size=\u00bb15px\u00bb button_text_color=\u00bb#2E5B61&#8243; button_bg_color=\u00bb#f9f9f9&#8243; button_border_width=\u00bb0px\u00bb button_border_radius=\u00bb50px\u00bb button_font=\u00bbInter|600|||||||\u00bb transform_scale=\u00bb84%|84%\u00bb transform_translate_linked=\u00bboff\u00bb custom_margin=\u00bb-25px|||||\u00bb custom_padding=\u00bb20px|40px|20px|40px|true|true\u00bb box_shadow_style=\u00bbpreset1&#8243; box_shadow_vertical=\u00bb0px\u00bb box_shadow_blur=\u00bb10px\u00bb global_colors_info=\u00bb{}\u00bb][\/et_pb_button][et_pb_video src=\u00bbhttps:\/\/gestimedios.com\/domoglamping\/wp-content\/uploads\/sites\/4\/2023\/01\/DOMO-GLAMP-DCC-PRIVADO-menor-peso.mp4&#8243; _builder_version=\u00bb4.18.0&#8243; _module_preset=\u00bbdefault\u00bb width=\u00bb61%\u00bb max_width=\u00bb61%\u00bb module_alignment=\u00bbcenter\u00bb custom_margin=\u00bb16px||||false|false\u00bb global_colors_info=\u00bb{}\u00bb][\/et_pb_video][\/et_pb_column][\/et_pb_row][et_pb_row _builder_version=\u00bb4.18.0&#8243; _module_preset=\u00bbdefault\u00bb global_colors_info=\u00bb{}\u00bb][et_pb_column type=\u00bb4_4&#8243; _builder_version=\u00bb4.18.0&#8243; _module_preset=\u00bbdefault\u00bb global_colors_info=\u00bb{}\u00bb][\/et_pb_column][\/et_pb_row][et_pb_row use_custom_gutter=\u00bbon\u00bb gutter_width=\u00bb1&#8243; make_equal=\u00bbon\u00bb custom_padding_last_edited=\u00bbon|phone\u00bb _builder_version=\u00bb4.18.0&#8243; _module_preset=\u00bbdefault\u00bb use_background_color_gradient=\u00bbon\u00bb background_color_gradient_stops=\u00bb#e5e8f0 76%|rgba(229,232,240,0) 100%\u00bb transform_scale=\u00bb84%|84%\u00bb width=\u00bb75%\u00bb max_width=\u00bb1247px\u00bb custom_margin=\u00bb-127px||||false|false\u00bb custom_margin_tablet=\u00bb-21vw||||false|false\u00bb custom_margin_phone=\u00bb||||false|false\u00bb custom_margin_last_edited=\u00bboff|desktop\u00bb custom_padding=\u00bb29px|80px|29px|80px|true|true\u00bb custom_padding_tablet=\u00bb30px|20px|30px|20px|true|true\u00bb custom_padding_phone=\u00bb20px|0px|20px|0px|true|true\u00bb box_shadow_style=\u00bbpreset1&#8243; box_shadow_blur=\u00bb49px\u00bb box_shadow_spread=\u00bb18px\u00bb global_colors_info=\u00bb{}\u00bb][et_pb_column type=\u00bb4_4&#8243; _builder_version=\u00bb4.17.3&#8243; _module_preset=\u00bbdefault\u00bb global_colors_info=\u00bb{}\u00bb][et_pb_accordion open_toggle_text_color=\u00bb#22434A\u00bb open_toggle_background_color=\u00bbRGBA(255,255,255,0)\u00bb closed_toggle_background_color=\u00bbRGBA(255,255,255,0)\u00bb toggle_icon=\u00bb&#x50;||divi||400&#8243; icon_color=\u00bb#22434A\u00bb _builder_version=\u00bb4.18.0&#8243; _module_preset=\u00bbdefault\u00bb toggle_text_color=\u00bb#22434A\u00bb toggle_font=\u00bbInter|700|||||||\u00bb toggle_font_size=\u00bb22px\u00bb toggle_line_height=\u00bb1.2em\u00bb body_font=\u00bbInter||||||||\u00bb body_text_color=\u00bb#22434A\u00bb body_font_size=\u00bb18px\u00bb body_line_height=\u00bb1.8em\u00bb toggle_font_size_tablet=\u00bb16px\u00bb toggle_font_size_phone=\u00bb13px\u00bb toggle_font_size_last_edited=\u00bbon|desktop\u00bb body_font_size_tablet=\u00bb16px\u00bb body_font_size_phone=\u00bb14px\u00bb body_font_size_last_edited=\u00bbon|phone\u00bb border_width_all=\u00bb0px\u00bb border_width_bottom=\u00bb1px\u00bb border_color_bottom=\u00bbrgba(46,91,97,0.2)\u00bb global_colors_info=\u00bb{}\u00bb][et_pb_accordion_item title=\u00bbDisfruta de las estrellas desde la comodidad de tu casa \u00bb open=\u00bbon\u00bb _builder_version=\u00bb4.18.0&#8243; _module_preset=\u00bbdefault\u00bb global_colors_info=\u00bb{}\u00bb]<p>Una <strong>variedad de <a href=\"https:\/\/goo.gl\/maps\/gQJpNsaZfMJoifVs5\">domos<\/a><\/strong> desde los 3 metros hasta los 80. Podr\u00e1s construirlo en el patio de tu casa sin necesidad de obra y dormir bajo las estrellas siempre que quieras.<\/p>[\/et_pb_accordion_item][et_pb_accordion_item title=\u00bbDale m\u00faltiples usos a tu domo\u00bb _builder_version=\u00bb4.18.0&#8243; _module_preset=\u00bbdefault\u00bb global_colors_info=\u00bb{}\u00bb open=\u00bboff\u00bb]<p>Si te apetece tener un gimnasio, sala de lectura, de costura, infantil, pero no tienes espacio suficiente dentro de tu casa, tu mejor soluci\u00f3n es un domo. <strong>Su estructura hecha con vidrieras triangulares te proteger\u00e1 de la lluvia y del frio<\/strong> y podr\u00e1s disfrutar en cualquier momento de un rato de paz y relajaci\u00f3n sin importar ning\u00fan factor externo. DOMO USO PRIVADO.<\/p>[\/et_pb_accordion_item][et_pb_accordion_item title=\u00bb\u00bfInvitados? No pierdas la intimidad de tu casa \u00bb _builder_version=\u00bb4.18.0&#8243; _module_preset=\u00bbdefault\u00bb global_colors_info=\u00bb{}\u00bb open=\u00bboff\u00bb]<p>Si has invitado a tus amigos a pasar el fin de semana, pero <strong>no tienes espacio suficiente no te preocupes<\/strong>&#8230; Instala un domo-uso-privado, de esta manera podr\u00e1s seguir invitado a todos tus amigos sin necesidad de perder tu intimidad ni la de ellos.<\/p>[\/et_pb_accordion_item][et_pb_accordion_item title=\u00bbNo pierdas tu tiempo\u00bb _builder_version=\u00bb4.18.0&#8243; _module_preset=\u00bbdefault\u00bb global_colors_info=\u00bb{}\u00bb open=\u00bboff\u00bb]<p>Si no tienes tiempo para ponerte de obras en tu casa no te preocupes, la <strong>instalaci\u00f3n de los domos no necesita obras<\/strong> y tardan muy poco tiempo en montarse.<\/p>[\/et_pb_accordion_item][et_pb_accordion_item title=\u00bbUn lugar perfecto para relajarse \u00bb _builder_version=\u00bb4.18.0&#8243; _module_preset=\u00bbdefault\u00bb global_colors_info=\u00bb{}\u00bb open=\u00bboff\u00bb]<p>Si necesitas un <strong>lugar tranquilo<\/strong> o si por el contrario tienes hijos que lo ponen todo por medio, este es tu sitio. No te preocupes por su seguridad ya que los domos est\u00e1n hechos de materiales certificados que propician que sea un <strong>espacio seguro.<\/strong><\/p>[\/et_pb_accordion_item][et_pb_accordion_item title=\u00bb\u00bfEres un apasionado de la naturaleza? \u00bb _builder_version=\u00bb4.18.0&#8243; _module_preset=\u00bbdefault\u00bb global_colors_info=\u00bb{}\u00bb open=\u00bboff\u00bb]<p>Si te gusta el <strong>campo, el aire libre y necesitas desconectar<\/strong> no esperes m\u00e1s. Podr\u00e1s disfrutar de un lugar que te permita hacer escapadas de fin de semana. Tambi\u00e9n, puedes tenerlo de <strong>segunda residencia<\/strong> y disfrutar de la tranquilidad que aporta la naturaleza o romper con todo y convertirlo en tu hogar.<\/p>\n<p>-domo uso privado-<\/p>[\/et_pb_accordion_item][\/et_pb_accordion][\/et_pb_column][\/et_pb_row][et_pb_row column_structure=\u00bb1_2,1_2&#8243; _builder_version=\u00bb4.17.3&#8243; _module_preset=\u00bbdefault\u00bb global_colors_info=\u00bb{}\u00bb][et_pb_column type=\u00bb1_2&#8243; _builder_version=\u00bb4.17.3&#8243; _module_preset=\u00bbdefault\u00bb custom_padding_tablet=\u00bb||30px||false|false\u00bb custom_padding_phone=\u00bb||30px||false|false\u00bb custom_padding_last_edited=\u00bbon|tablet\u00bb global_colors_info=\u00bb{}\u00bb][et_pb_icon font_icon=\u00bb&#xe010;||divi||400&#8243; icon_color=\u00bb#FFFFFF\u00bb icon_width=\u00bb64px\u00bb _builder_version=\u00bb4.17.1&#8243; _module_preset=\u00bbdefault\u00bb background_color=\u00bb#2E5B61&#8243; custom_padding=\u00bb30px|30px|30px|30px|true|true\u00bb border_radii=\u00bbon|100px|100px|100px|100px\u00bb global_colors_info=\u00bb{}\u00bb][\/et_pb_icon][et_pb_text _builder_version=\u00bb4.18.0&#8243; _module_preset=\u00bb4827deed-2a92-4d97-a22f-f01067ae6873&#8243; header_font=\u00bb||||||||\u00bb header_4_font=\u00bbInter|700|||||||\u00bb header_4_text_color=\u00bb#22434A\u00bb header_4_font_size=\u00bb22px\u00bb header_4_line_height=\u00bb1.6em\u00bb text_orientation=\u00bbcenter\u00bb module_alignment=\u00bbcenter\u00bb custom_margin=\u00bb||0px||false|false\u00bb header_4_font_size_tablet=\u00bb20px\u00bb header_4_font_size_phone=\u00bb16px\u00bb header_4_font_size_last_edited=\u00bbon|phone\u00bb global_colors_info=\u00bb{}\u00bb]<h4><span style=\"color: #ffffff;\">Env\u00edanos un correo<\/span><\/h4>[\/et_pb_text][et_pb_text _builder_version=\u00bb4.18.0&#8243; _module_preset=\u00bb1f09816e-184e-4ce5-a4cf-b39c52c423ca\u00bb text_font=\u00bbInter||||||||\u00bb text_text_color=\u00bb#22434A\u00bb text_font_size=\u00bb18px\u00bb text_line_height=\u00bb1.8em\u00bb link_text_color=\u00bb#000000&#8243; text_orientation=\u00bbcenter\u00bb module_alignment=\u00bbcenter\u00bb text_font_size_tablet=\u00bb16px\u00bb text_font_size_phone=\u00bb14px\u00bb text_font_size_last_edited=\u00bbon|tablet\u00bb header_font_size_tablet=\u00bb55px\u00bb header_font_size_last_edited=\u00bboff|desktop\u00bb global_colors_info=\u00bb{}\u00bb]<p><span style=\"color: #ffffff;\">contacta@domoglamping.com<\/span><\/p>[\/et_pb_text][\/et_pb_column][et_pb_column type=\u00bb1_2&#8243; _builder_version=\u00bb4.17.1&#8243; _module_preset=\u00bbdefault\u00bb global_colors_info=\u00bb{}\u00bb][et_pb_icon font_icon=\u00bb&#xe00b;||divi||400&#8243; icon_color=\u00bb#FFFFFF\u00bb icon_width=\u00bb64px\u00bb _builder_version=\u00bb4.17.1&#8243; _module_preset=\u00bbdefault\u00bb background_color=\u00bb#2E5B61&#8243; custom_padding=\u00bb30px|30px|30px|30px|true|true\u00bb border_radii=\u00bbon|100px|100px|100px|100px\u00bb locked=\u00bboff\u00bb global_colors_info=\u00bb{}\u00bb][\/et_pb_icon][et_pb_text _builder_version=\u00bb4.18.0&#8243; _module_preset=\u00bb4827deed-2a92-4d97-a22f-f01067ae6873&#8243; header_font=\u00bb||||||||\u00bb header_4_font=\u00bbInter|700|||||||\u00bb header_4_text_color=\u00bb#22434A\u00bb header_4_font_size=\u00bb22px\u00bb header_4_line_height=\u00bb1.6em\u00bb text_orientation=\u00bbcenter\u00bb module_alignment=\u00bbcenter\u00bb custom_margin=\u00bb||0px||false|false\u00bb header_4_font_size_tablet=\u00bb20px\u00bb header_4_font_size_phone=\u00bb16px\u00bb header_4_font_size_last_edited=\u00bbon|phone\u00bb locked=\u00bboff\u00bb global_colors_info=\u00bb{}\u00bb]<h4><span style=\"color: #ffffff;\">Ll\u00e1manos para tarifas<\/span><\/h4>[\/et_pb_text][et_pb_text _builder_version=\u00bb4.18.0&#8243; _module_preset=\u00bb1f09816e-184e-4ce5-a4cf-b39c52c423ca\u00bb text_font=\u00bbInter||||||||\u00bb text_text_color=\u00bb#22434A\u00bb text_font_size=\u00bb18px\u00bb text_line_height=\u00bb1.8em\u00bb text_orientation=\u00bbcenter\u00bb module_alignment=\u00bbcenter\u00bb text_font_size_tablet=\u00bb16px\u00bb text_font_size_phone=\u00bb14px\u00bb text_font_size_last_edited=\u00bbon|tablet\u00bb header_font_size_tablet=\u00bb55px\u00bb header_font_size_last_edited=\u00bboff|desktop\u00bb locked=\u00bboff\u00bb global_colors_info=\u00bb{}\u00bb]<div class=\"et_pb_module et_pb_blurb et_pb_blurb_0  et_pb_text_align_left  et_pb_blurb_position_left et_pb_bg_layout_light\">\n<div class=\"et_pb_blurb_content\">\n<div class=\"et_pb_blurb_container\">\n<div class=\"et_pb_blurb_description\">\n<p style=\"text-align: center;\"><span style=\"color: #ffffff;\">673 262 484<\/span><\/p>\n<\/div>\n<\/div>\n<\/div>\n<\/div>\n<div class=\"et_pb_module et_pb_blurb et_pb_blurb_1  et_pb_text_align_left  et_pb_blurb_position_left et_pb_bg_layout_light\">\n<div class=\"et_pb_blurb_content\">\n<div class=\"et_pb_main_blurb_image\"><\/div>\n<\/div>\n<\/div>[\/et_pb_text][\/et_pb_column][\/et_pb_row][\/et_pb_section]\n","protected":false},"excerpt":{"rendered":"<p>USO PRIVADOUn domo uso privado es una gran elecci\u00f3n para completar una segunda vivienda. Si tienes una casa en el campo o un terreno \u00bfpor qu\u00e9 no habilitar un nuevo espacio?DIFERENTE, NOVEDOSO Y VERSATIL.\u00a0Una variedad de domos desde los 3 metros hasta los 80. Podr\u00e1s construirlo en el patio de tu casa sin necesidad de [&hellip;]<\/p>\n","protected":false},"author":1,"featured_media":0,"parent":0,"menu_order":0,"comment_status":"closed","ping_status":"closed","template":"","meta":{"_et_pb_use_builder":"on","_et_pb_old_content":"","_et_gb_content_width":"","footnotes":""},"class_list":["post-713","page","type-page","status-publish","hentry"],"_links":{"self":[{"href":"https:\/\/gestimedios.com\/domoglamping\/wp-json\/wp\/v2\/pages\/713","targetHints":{"allow":["GET"]}}],"collection":[{"href":"https:\/\/gestimedios.com\/domoglamping\/wp-json\/wp\/v2\/pages"}],"about":[{"href":"https:\/\/gestimedios.com\/domoglamping\/wp-json\/wp\/v2\/types\/page"}],"author":[{"embeddable":true,"href":"https:\/\/gestimedios.com\/domoglamping\/wp-json\/wp\/v2\/users\/1"}],"replies":[{"embeddable":true,"href":"https:\/\/gestimedios.com\/domoglamping\/wp-json\/wp\/v2\/comments?post=713"}],"version-history":[{"count":20,"href":"https:\/\/gestimedios.com\/domoglamping\/wp-json\/wp\/v2\/pages\/713\/revisions"}],"predecessor-version":[{"id":1081,"href":"https:\/\/gestimedios.com\/domoglamping\/wp-json\/wp\/v2\/pages\/713\/revisions\/1081"}],"wp:attachment":[{"href":"https:\/\/gestimedios.com\/domoglamping\/wp-json\/wp\/v2\/media?parent=713"}],"curies":[{"name":"wp","href":"https:\/\/api.w.org\/{rel}","templated":true}]}}