{"id":27,"date":"2021-01-29T09:17:58","date_gmt":"2021-01-29T09:17:58","guid":{"rendered":"https:\/\/gestimedios.com\/?page_id=27"},"modified":"2025-12-09T10:25:48","modified_gmt":"2025-12-09T10:25:48","slug":"domo-camping-glamping","status":"publish","type":"page","link":"https:\/\/gestimedios.com\/domoglamping\/domo-camping-glamping\/","title":{"rendered":"Camping"},"content":{"rendered":"<p>[et_pb_section fb_built=\u00bb1&#8243; admin_label=\u00bbHeader\u00bb _builder_version=\u00bb4.18.0&#8243; _module_preset=\u00bbdefault\u00bb use_background_color_gradient=\u00bbon\u00bb background_color_gradient_stops=\u00bb#2e5b61 0%|rgba(46,91,97,0) 76%\u00bb background_color_gradient_overlays_image=\u00bbon\u00bb background_image=\u00bbhttps:\/\/gestimedios.com\/domoglamping\/wp-content\/uploads\/sites\/4\/2022\/09\/Domo-Duna-picture.jpeg\u00bb background_position=\u00bbtop_center\u00bb background_vertical_offset=\u00bb60%\u00bb custom_padding=\u00bb0px||5vw||false|false\u00bb bottom_divider_style=\u00bbcurve\u00bb bottom_divider_color=\u00bb#e5e8f0&#8243; bottom_divider_height=\u00bb8vw\u00bb locked=\u00bboff\u00bb collapsed=\u00bbon\u00bb global_colors_info=\u00bb{}\u00bb][et_pb_row _builder_version=\u00bb4.17.3&#8243; _module_preset=\u00bbdefault\u00bb width=\u00bb50%\u00bb width_tablet=\u00bb80%\u00bb width_phone=\u00bb80%\u00bb width_last_edited=\u00bbon|tablet\u00bb global_colors_info=\u00bb{}\u00bb width__hover_enabled=\u00bboff|desktop\u00bb][et_pb_column type=\u00bb4_4&#8243; _builder_version=\u00bb4.17.1&#8243; _module_preset=\u00bbdefault\u00bb global_colors_info=\u00bb{}\u00bb][et_pb_text admin_label=\u00bbt\u00edtulo\u00bb _builder_version=\u00bb4.18.0&#8243; _module_preset=\u00bbc16985e1-e0d6-4022-964d-e2bfc04fa633&#8243; header_font=\u00bb|700|||||||\u00bb header_text_color=\u00bb#E1ECEA\u00bb header_font_size=\u00bb53px\u00bb header_line_height=\u00bb1.1em\u00bb text_orientation=\u00bbcenter\u00bb custom_margin=\u00bb||0px||false|false\u00bb header_font_size_tablet=\u00bb40px\u00bb header_font_size_phone=\u00bb24px\u00bb header_font_size_last_edited=\u00bbon|desktop\u00bb global_colors_info=\u00bb{}\u00bb]<\/p>\n<h1>CAMPING<\/h1>\n<p>[\/et_pb_text][et_pb_text _builder_version=\u00bb4.18.0&#8243; _module_preset=\u00bb1f09816e-184e-4ce5-a4cf-b39c52c423ca\u00bb text_font=\u00bbInter||||||||\u00bb text_text_color=\u00bb#E1ECEA\u00bb text_font_size=\u00bb15px\u00bb text_line_height=\u00bb1.8em\u00bb header_font_size=\u00bb15px\u00bb text_orientation=\u00bbcenter\u00bb text_font_size_tablet=\u00bb16px\u00bb text_font_size_phone=\u00bb14px\u00bb text_font_size_last_edited=\u00bbon|tablet\u00bb header_font_size_tablet=\u00bb55px\u00bb header_font_size_last_edited=\u00bboff|desktop\u00bb text_text_shadow_style=\u00bbpreset3&#8243; text_text_shadow_blur_strength=\u00bb2em\u00bb global_colors_info=\u00bb{}\u00bb]<\/p>\n<p>No sab\u00edas realmente lo que le faltaba a tu camping hasta que nos conociste. <strong>Si te apetece darle un aire exclusivo y novedoso a tu camping<\/strong> los domos glamp son la oportunidad que estabas esperando. \u00a1BIENVENIDO a DOMO GLAMPING!.<\/p>\n<p>[\/et_pb_text][\/et_pb_column][\/et_pb_row][et_pb_row _builder_version=\u00bb4.18.0&#8243; _module_preset=\u00bbdefault\u00bb positioning=\u00bbabsolute\u00bb position_origin_a=\u00bbbottom_center\u00bb vertical_offset=\u00bb-1px\u00bb width=\u00bb100%\u00bb max_width=\u00bb100%\u00bb custom_margin=\u00bb||42px||false|false\u00bb custom_padding=\u00bb||0px||false|false\u00bb locked=\u00bboff\u00bb global_colors_info=\u00bb{}\u00bb][et_pb_column type=\u00bb4_4&#8243; _builder_version=\u00bb4.17.3&#8243; _module_preset=\u00bbdefault\u00bb global_colors_info=\u00bb{}\u00bb][et_pb_image src=\u00bbhttps:\/\/gestimedios.com\/domoglamping\/wp-content\/uploads\/sites\/4\/2022\/10\/therapy-52.png\u00bb title_text=\u00bbtherapy-52&#8243; force_fullwidth=\u00bbon\u00bb _builder_version=\u00bb4.18.0&#8243; _module_preset=\u00bbdefault\u00bb custom_margin=\u00bb||-171px||false|false\u00bb custom_padding=\u00bb||0px||false|false\u00bb global_colors_info=\u00bb{}\u00bb][\/et_pb_image][et_pb_button button_url=\u00bb@ET-DC@eyJkeW5hbWljIjp0cnVlLCJjb250ZW50IjoicG9zdF9saW5rX3VybF9wYWdlIiwic2V0dGluZ3MiOnsicG9zdF9pZCI6IjQxMiJ9fQ==@\u00bb url_new_window=\u00bbon\u00bb button_text=\u00bbRELLENA EL FORMULARIO\u00bb button_alignment=\u00bbcenter\u00bb disabled_on=\u00bbon|on|off\u00bb _builder_version=\u00bb4.18.0&#8243; _dynamic_attributes=\u00bbbutton_url\u00bb _module_preset=\u00bbf489fdc3-bf1e-40c7-852b-c42851d4acb9&#8243; custom_button=\u00bbon\u00bb button_text_size=\u00bb14px\u00bb button_text_color=\u00bb#2E5B61&#8243; button_bg_color=\u00bb#FFFFFF\u00bb button_border_width=\u00bb0px\u00bb button_border_radius=\u00bb50px\u00bb button_font=\u00bbInter|600|||||||\u00bb custom_padding=\u00bb20px|40px|20px|40px|true|true\u00bb global_colors_info=\u00bb{}\u00bb][\/et_pb_button][\/et_pb_column][\/et_pb_row][\/et_pb_section][et_pb_section fb_built=\u00bb1&#8243; admin_label=\u00bbFAQ\u00bb _builder_version=\u00bb4.18.0&#8243; _module_preset=\u00bbdefault\u00bb background_video_mp4=\u00bbhttps:\/\/gestimedios.com\/domoglamping\/wp-content\/uploads\/sites\/4\/2023\/01\/camping-alquiler-domo-glamping-espana-4_1.mp4&#8243; custom_padding=\u00bb91px|||||\u00bb top_divider_flip=\u00bbhorizontal\u00bb collapsed=\u00bboff\u00bb global_colors_info=\u00bb{}\u00bb][et_pb_row _builder_version=\u00bb4.18.0&#8243; _module_preset=\u00bbdefault\u00bb custom_margin=\u00bb-55px|auto|11px|auto|false|false\u00bb global_colors_info=\u00bb{}\u00bb][et_pb_column type=\u00bb4_4&#8243; _builder_version=\u00bb4.18.0&#8243; _module_preset=\u00bbdefault\u00bb global_colors_info=\u00bb{}\u00bb][et_pb_button button_url=\u00bb@ET-DC@eyJkeW5hbWljIjp0cnVlLCJjb250ZW50IjoicG9zdF9saW5rX3VybF9wYWdlIiwic2V0dGluZ3MiOnsicG9zdF9pZCI6IjQxMiJ9fQ==@\u00bb url_new_window=\u00bbon\u00bb button_text=\u00bbRELLENA EL FORMULARIO\u00bb button_alignment=\u00bbcenter\u00bb disabled_on=\u00bboff|off|on\u00bb _builder_version=\u00bb4.18.0&#8243; _dynamic_attributes=\u00bbbutton_url\u00bb _module_preset=\u00bbf489fdc3-bf1e-40c7-852b-c42851d4acb9&#8243; custom_button=\u00bbon\u00bb button_text_size=\u00bb15px\u00bb button_text_color=\u00bb#2E5B61&#8243; button_bg_color=\u00bb#f9f9f9&#8243; button_border_width=\u00bb0px\u00bb button_border_radius=\u00bb50px\u00bb button_font=\u00bbInter|600|||||||\u00bb transform_scale=\u00bb84%|84%\u00bb transform_translate_linked=\u00bboff\u00bb custom_margin=\u00bb-25px|||||\u00bb custom_padding=\u00bb20px|40px|20px|40px|true|true\u00bb box_shadow_style=\u00bbpreset1&#8243; box_shadow_vertical=\u00bb0px\u00bb box_shadow_blur=\u00bb10px\u00bb global_colors_info=\u00bb{}\u00bb][\/et_pb_button][\/et_pb_column][\/et_pb_row][et_pb_row _builder_version=\u00bb4.18.0&#8243; _module_preset=\u00bbdefault\u00bb global_colors_info=\u00bb{}\u00bb][et_pb_column type=\u00bb4_4&#8243; _builder_version=\u00bb4.18.0&#8243; _module_preset=\u00bbdefault\u00bb global_colors_info=\u00bb{}\u00bb][et_pb_video src=\u00bbhttps:\/\/youtu.be\/l1ofKq3yRCc\u00bb _builder_version=\u00bb4.18.0&#8243; _module_preset=\u00bbdefault\u00bb custom_margin=\u00bb||60px|||\u00bb custom_padding=\u00bb0px||0px|||\u00bb global_colors_info=\u00bb{}\u00bb][\/et_pb_video][\/et_pb_column][\/et_pb_row][et_pb_row use_custom_gutter=\u00bbon\u00bb gutter_width=\u00bb1&#8243; make_equal=\u00bbon\u00bb custom_padding_last_edited=\u00bbon|phone\u00bb _builder_version=\u00bb4.18.0&#8243; _module_preset=\u00bbdefault\u00bb use_background_color_gradient=\u00bbon\u00bb background_color_gradient_stops=\u00bb#e5e8f0 76%|rgba(229,232,240,0) 100%\u00bb width=\u00bb75%\u00bb max_width=\u00bb1247px\u00bb custom_margin=\u00bb-162px||||false|false\u00bb custom_margin_tablet=\u00bb-21vw||||false|false\u00bb custom_margin_phone=\u00bb||||false|false\u00bb custom_margin_last_edited=\u00bboff|desktop\u00bb custom_padding=\u00bb29px|80px|29px|80px|true|true\u00bb custom_padding_tablet=\u00bb30px|20px|30px|20px|true|true\u00bb custom_padding_phone=\u00bb20px|0px|20px|0px|true|true\u00bb box_shadow_style=\u00bbpreset1&#8243; box_shadow_blur=\u00bb49px\u00bb box_shadow_spread=\u00bb18px\u00bb global_colors_info=\u00bb{}\u00bb][et_pb_column type=\u00bb4_4&#8243; _builder_version=\u00bb4.17.3&#8243; _module_preset=\u00bbdefault\u00bb global_colors_info=\u00bb{}\u00bb][et_pb_accordion open_toggle_text_color=\u00bb#22434A\u00bb open_toggle_background_color=\u00bbRGBA(255,255,255,0)\u00bb closed_toggle_background_color=\u00bbRGBA(255,255,255,0)\u00bb toggle_icon=\u00bb&#x50;||divi||400&#8243; icon_color=\u00bb#22434A\u00bb admin_label=\u00bbtodos los textos preguntas\u00bb _builder_version=\u00bb4.18.0&#8243; _module_preset=\u00bbdefault\u00bb toggle_text_color=\u00bb#22434A\u00bb toggle_font=\u00bbInter|700|||||||\u00bb toggle_font_size=\u00bb22px\u00bb toggle_line_height=\u00bb1.2em\u00bb body_font=\u00bbInter||||||||\u00bb body_text_color=\u00bb#22434A\u00bb body_font_size=\u00bb18px\u00bb body_line_height=\u00bb1.8em\u00bb toggle_font_size_tablet=\u00bb16px\u00bb toggle_font_size_phone=\u00bb13px\u00bb toggle_font_size_last_edited=\u00bbon|desktop\u00bb body_font_size_tablet=\u00bb16px\u00bb body_font_size_phone=\u00bb14px\u00bb body_font_size_last_edited=\u00bbon|phone\u00bb border_width_all=\u00bb0px\u00bb border_width_bottom=\u00bb1px\u00bb border_color_bottom=\u00bbrgba(46,91,97,0.2)\u00bb global_colors_info=\u00bb{}\u00bb][et_pb_accordion_item title=\u00bbMarca la diferencia con Domo Glamping en tu camping\u00bb open=\u00bbon\u00bb _builder_version=\u00bb4.18.0&#8243; _module_preset=\u00bbdefault\u00bb global_colors_info=\u00bb{}\u00bb]<\/p>\n<p>Haz que tu camping <strong>sea \u00fanico y diferente con los <a href=\"https:\/\/gestimedios.com\/domoglamping\/productos\/\">domos geod\u00e9sicos<\/a><\/strong><a href=\"https:\/\/gestimedios.com\/domoglamping\/productos\/\">.<\/a> Estas nuevas c\u00fapulas de cristal marcar\u00e1n la diferencia con respecto a los dem\u00e1s campings. S\u00e9 uno de los primeros campings en sumarte a la tendencia y ofrece a tus futuros hu\u00e9spedes una experiencia inolvidable.<\/p>\n<p>&nbsp;<\/p>\n<p>&nbsp;<\/p>\n<p>[\/et_pb_accordion_item][et_pb_accordion_item title=\u00bbA\u00f1ade un poco de glamour a tu camping\u00bb _builder_version=\u00bb4.18.0&#8243; _module_preset=\u00bbdefault\u00bb global_colors_info=\u00bb{}\u00bb open=\u00bboff\u00bb]<\/p>\n<p>Si ya tienes un camping, pero le quieres a\u00f1adir un toque m\u00e1s <strong>sofisticado<\/strong> apuesta por domo glamping. Burbujas de cristal que har\u00e1n que tus hu\u00e9spedes puedan disfrutar de una <strong>experiencia \u00fanica<\/strong> disfrutando de un precioso atardecer y durmiendo bajo las estrellas.<\/p>\n<p>[\/et_pb_accordion_item][et_pb_accordion_item title=\u00bbS\u00famate a la tendencia glamping\u00bb _builder_version=\u00bb4.18.0&#8243; _module_preset=\u00bbdefault\u00bb global_colors_info=\u00bb{}\u00bb open=\u00bboff\u00bb]<\/p>\n<p>Si a\u00fan no sabes muy bien de qu\u00e9 va esto \u00a1inf\u00f3rmate aqu\u00ed! Los domos glamping son tendencia y es <strong>la experiencia que est\u00e1 buscando todo el mundo<\/strong>. Haz que tu camping se sume al efecto glamping con los domos geod\u00e9sicos.<\/p>\n<p>[\/et_pb_accordion_item][et_pb_accordion_item title=\u00bbLa nueva era de los camping est\u00e1 a tu alcance \u00bb _builder_version=\u00bb4.18.0&#8243; _module_preset=\u00bbdefault\u00bb global_colors_info=\u00bb{}\u00bb open=\u00bboff\u00bb]<\/p>\n<p><strong>Los campings de toda la vida se han pasado de moda<\/strong>, ahora tus futuros hu\u00e9spedes no solo buscar\u00e1n un lugar d\u00f3nde escaparse el fin de semana, sino tambi\u00e9n un sitio del que presumir en redes sociales. Los domos glamping son la elecci\u00f3n perfecta para ello, \u00a1l\u00e1nzate en este nuevo concepto: domo camping glamping!<\/p>\n<p>[\/et_pb_accordion_item][et_pb_accordion_item title=\u00bbInnovaci\u00f3n y estilo\u00bb _builder_version=\u00bb4.18.0&#8243; _module_preset=\u00bbdefault\u00bb global_colors_info=\u00bb{}\u00bb open=\u00bboff\u00bb]<\/p>\n<p>Es<strong> la novedad del momento<\/strong> en todos los campings, los domo glamping est\u00e1n de moda y tu negocio puede sumarse a la tendencia. Hechos de un material y una calidad excepcional haz que tu camping gane estilo e innovaci\u00f3n.<\/p>\n<p>[\/et_pb_accordion_item][et_pb_accordion_item title=\u00bbLa combinaci\u00f3n perfecta\u00bb _builder_version=\u00bb4.18.0&#8243; _module_preset=\u00bbdefault\u00bb global_colors_info=\u00bb{}\u00bb open=\u00bboff\u00bb]<\/p>\n<p>Haz que tus hu\u00e9spedes puedan disfrutar de la experiencia de <strong>acampar en la naturaleza con el lujo y los servicios de los mejores hoteles<\/strong>. Con la instalaci\u00f3n de los domos geod\u00e9sicos en tu camping conseguir\u00e1s la combinaci\u00f3n perfecta entre naturaleza y glamour.<\/p>\n<p>[\/et_pb_accordion_item][\/et_pb_accordion][\/et_pb_column][\/et_pb_row][et_pb_row column_structure=\u00bb1_2,1_2&#8243; _builder_version=\u00bb4.17.3&#8243; _module_preset=\u00bbdefault\u00bb global_colors_info=\u00bb{}\u00bb custom_margin=\u00bb|auto|414px|auto||\u00bb][et_pb_column type=\u00bb1_2&#8243; _builder_version=\u00bb4.17.3&#8243; _module_preset=\u00bbdefault\u00bb custom_padding_tablet=\u00bb||30px||false|false\u00bb custom_padding_phone=\u00bb||30px||false|false\u00bb custom_padding_last_edited=\u00bbon|tablet\u00bb global_colors_info=\u00bb{}\u00bb][et_pb_icon font_icon=\u00bb&#xe010;||divi||400&#8243; icon_color=\u00bb#FFFFFF\u00bb icon_width=\u00bb64px\u00bb _builder_version=\u00bb4.17.1&#8243; _module_preset=\u00bbdefault\u00bb background_color=\u00bb#2E5B61&#8243; custom_padding=\u00bb30px|30px|30px|30px|true|true\u00bb border_radii=\u00bbon|100px|100px|100px|100px\u00bb global_colors_info=\u00bb{}\u00bb][\/et_pb_icon][et_pb_text _builder_version=\u00bb4.18.0&#8243; _module_preset=\u00bb4827deed-2a92-4d97-a22f-f01067ae6873&#8243; header_font=\u00bb||||||||\u00bb header_4_font=\u00bbInter|700|||||||\u00bb header_4_text_color=\u00bb#22434A\u00bb header_4_font_size=\u00bb22px\u00bb header_4_line_height=\u00bb1.6em\u00bb text_orientation=\u00bbcenter\u00bb module_alignment=\u00bbcenter\u00bb custom_margin=\u00bb||0px||false|false\u00bb header_4_font_size_tablet=\u00bb20px\u00bb header_4_font_size_phone=\u00bb16px\u00bb header_4_font_size_last_edited=\u00bbon|phone\u00bb global_colors_info=\u00bb{}\u00bb]<\/p>\n<h4><span style=\"color: #ffffff;\">Env\u00edanos un correo<\/span><\/h4>\n<p>[\/et_pb_text][et_pb_text _builder_version=\u00bb4.27.4&#8243; _module_preset=\u00bb1f09816e-184e-4ce5-a4cf-b39c52c423ca\u00bb text_font=\u00bbInter||||||||\u00bb text_text_color=\u00bb#22434A\u00bb text_font_size=\u00bb18px\u00bb text_line_height=\u00bb1.8em\u00bb link_text_color=\u00bb#000000&#8243; text_orientation=\u00bbcenter\u00bb module_alignment=\u00bbcenter\u00bb hover_enabled=\u00bb0&#8243; text_font_size_tablet=\u00bb16px\u00bb text_font_size_phone=\u00bb14px\u00bb text_font_size_last_edited=\u00bbon|tablet\u00bb header_font_size_tablet=\u00bb55px\u00bb header_font_size_last_edited=\u00bboff|desktop\u00bb global_colors_info=\u00bb{}\u00bb sticky_enabled=\u00bb0&#8243;]<\/p>\n<p><span style=\"color: #ffffff;\"><a href=\"mailto:contacta@casamove360.com\" style=\"color: #ffffff;\">contacta@casamove360.com<\/a><\/span><\/p>\n<p>[\/et_pb_text][\/et_pb_column][et_pb_column type=\u00bb1_2&#8243; _builder_version=\u00bb4.17.1&#8243; _module_preset=\u00bbdefault\u00bb global_colors_info=\u00bb{}\u00bb][et_pb_icon font_icon=\u00bb&#xe00b;||divi||400&#8243; icon_color=\u00bb#FFFFFF\u00bb icon_width=\u00bb64px\u00bb _builder_version=\u00bb4.17.1&#8243; _module_preset=\u00bbdefault\u00bb background_color=\u00bb#2E5B61&#8243; custom_padding=\u00bb30px|30px|30px|30px|true|true\u00bb border_radii=\u00bbon|100px|100px|100px|100px\u00bb locked=\u00bboff\u00bb global_colors_info=\u00bb{}\u00bb][\/et_pb_icon][et_pb_text _builder_version=\u00bb4.18.0&#8243; _module_preset=\u00bb4827deed-2a92-4d97-a22f-f01067ae6873&#8243; header_font=\u00bb||||||||\u00bb header_4_font=\u00bbInter|700|||||||\u00bb header_4_text_color=\u00bb#22434A\u00bb header_4_font_size=\u00bb22px\u00bb header_4_line_height=\u00bb1.6em\u00bb text_orientation=\u00bbcenter\u00bb module_alignment=\u00bbcenter\u00bb custom_margin=\u00bb||0px||false|false\u00bb header_4_font_size_tablet=\u00bb20px\u00bb header_4_font_size_phone=\u00bb16px\u00bb header_4_font_size_last_edited=\u00bbon|phone\u00bb locked=\u00bboff\u00bb global_colors_info=\u00bb{}\u00bb]<\/p>\n<h4><span style=\"color: #ffffff;\">Ll\u00e1manos para tarifas<\/span><\/h4>\n<p>[\/et_pb_text][et_pb_text _builder_version=\u00bb4.18.0&#8243; _module_preset=\u00bb1f09816e-184e-4ce5-a4cf-b39c52c423ca\u00bb text_font=\u00bbInter||||||||\u00bb text_text_color=\u00bb#22434A\u00bb text_font_size=\u00bb18px\u00bb text_line_height=\u00bb1.8em\u00bb text_orientation=\u00bbcenter\u00bb module_alignment=\u00bbcenter\u00bb text_font_size_tablet=\u00bb16px\u00bb text_font_size_phone=\u00bb14px\u00bb text_font_size_last_edited=\u00bbon|tablet\u00bb header_font_size_tablet=\u00bb55px\u00bb header_font_size_last_edited=\u00bboff|desktop\u00bb locked=\u00bboff\u00bb global_colors_info=\u00bb{}\u00bb]<\/p>\n<div class=\"et_pb_module et_pb_blurb et_pb_blurb_0  et_pb_text_align_left  et_pb_blurb_position_left et_pb_bg_layout_light\">\n<div class=\"et_pb_blurb_content\">\n<div class=\"et_pb_blurb_container\">\n<div class=\"et_pb_blurb_description\">\n<p style=\"text-align: center;\"><span style=\"color: #ffffff;\">673 262 484<\/span><\/p>\n<\/div>\n<\/div>\n<\/div>\n<\/div>\n<div class=\"et_pb_module et_pb_blurb et_pb_blurb_1  et_pb_text_align_left  et_pb_blurb_position_left et_pb_bg_layout_light\">\n<div class=\"et_pb_blurb_content\">\n<div class=\"et_pb_main_blurb_image\"><\/div>\n<\/div>\n<\/div>\n<p>[\/et_pb_text][\/et_pb_column][\/et_pb_row][\/et_pb_section]<\/p>\n","protected":false},"excerpt":{"rendered":"<p>Marca la diferencia con Domo Glamping en tu Camping. S\u00e9 uno de los primeros campings en sumarte a la tendencia y ofrece a tus futuros hu\u00e9spedes una experiencia inolvidable. [ Haz que tu camping sea \u00fanico y diferente con los domos geod\u00e9sicos ]<\/p>\n","protected":false},"author":1,"featured_media":198,"parent":0,"menu_order":0,"comment_status":"closed","ping_status":"closed","template":"","meta":{"_et_pb_use_builder":"on","_et_pb_old_content":"","_et_gb_content_width":"","footnotes":""},"class_list":["post-27","page","type-page","status-publish","has-post-thumbnail","hentry"],"_links":{"self":[{"href":"https:\/\/gestimedios.com\/domoglamping\/wp-json\/wp\/v2\/pages\/27","targetHints":{"allow":["GET"]}}],"collection":[{"href":"https:\/\/gestimedios.com\/domoglamping\/wp-json\/wp\/v2\/pages"}],"about":[{"href":"https:\/\/gestimedios.com\/domoglamping\/wp-json\/wp\/v2\/types\/page"}],"author":[{"embeddable":true,"href":"https:\/\/gestimedios.com\/domoglamping\/wp-json\/wp\/v2\/users\/1"}],"replies":[{"embeddable":true,"href":"https:\/\/gestimedios.com\/domoglamping\/wp-json\/wp\/v2\/comments?post=27"}],"version-history":[{"count":52,"href":"https:\/\/gestimedios.com\/domoglamping\/wp-json\/wp\/v2\/pages\/27\/revisions"}],"predecessor-version":[{"id":2157,"href":"https:\/\/gestimedios.com\/domoglamping\/wp-json\/wp\/v2\/pages\/27\/revisions\/2157"}],"wp:featuredmedia":[{"embeddable":true,"href":"https:\/\/gestimedios.com\/domoglamping\/wp-json\/wp\/v2\/media\/198"}],"wp:attachment":[{"href":"https:\/\/gestimedios.com\/domoglamping\/wp-json\/wp\/v2\/media?parent=27"}],"curies":[{"name":"wp","href":"https:\/\/api.w.org\/{rel}","templated":true}]}}