{"id":1109,"date":"2023-03-15T08:56:24","date_gmt":"2023-03-15T08:56:24","guid":{"rendered":"https:\/\/gestimedios.com\/domoglamping\/?page_id=1109"},"modified":"2023-09-18T15:08:04","modified_gmt":"2023-09-18T15:08:04","slug":"bases-legales-sorteo","status":"publish","type":"page","link":"https:\/\/gestimedios.com\/domoglamping\/bases-legales-sorteo\/","title":{"rendered":"Bases Legales Sorteo"},"content":{"rendered":"<p>[et_pb_section fb_built=\u00bb1&#8243; _builder_version=\u00bb4.16&#8243; _module_preset=\u00bbdefault\u00bb global_colors_info=\u00bb{}\u00bb][et_pb_row _builder_version=\u00bb4.17.4&#8243; _module_preset=\u00bbdefault\u00bb width=\u00bb700px\u00bb width_tablet=\u00bb80%\u00bb width_phone=\u00bb80%\u00bb width_last_edited=\u00bbon|tablet\u00bb custom_margin=\u00bb-17px|auto|-4px|auto||\u00bb custom_padding=\u00bb0px||20px||false|false\u00bb global_colors_info=\u00bb{}\u00bb][et_pb_column type=\u00bb4_4&#8243; _builder_version=\u00bb4.17.4&#8243; _module_preset=\u00bbdefault\u00bb global_colors_info=\u00bb{}\u00bb][et_pb_text _builder_version=\u00bb4.18.0&#8243; _module_preset=\u00bbb327cbe4-b1d5-4b66-ad37-40c8f2f061ba\u00bb header_2_font=\u00bbDarker Grotesque|700|||||||\u00bb header_2_text_color=\u00bb#000000&#8243; header_2_font_size=\u00bb48px\u00bb text_orientation=\u00bbcenter\u00bb header_2_font_size_tablet=\u00bb32px\u00bb header_2_font_size_phone=\u00bb20px\u00bb header_2_font_size_last_edited=\u00bbon|desktop\u00bb global_colors_info=\u00bb{}\u00bb]<\/p>\n<h2>BASES LEGALES SORTEO 2023<\/h2>\n<p>[\/et_pb_text][et_pb_divider color=\u00bb#005e00&#8243; divider_weight=\u00bb2px\u00bb _builder_version=\u00bb4.18.0&#8243; _module_preset=\u00bbdefault\u00bb width=\u00bb77%\u00bb module_alignment=\u00bbcenter\u00bb global_colors_info=\u00bb{}\u00bb][\/et_pb_divider][\/et_pb_column][\/et_pb_row][et_pb_row _builder_version=\u00bb4.16&#8243; _module_preset=\u00bbdefault\u00bb custom_padding=\u00bb13px|||||\u00bb global_colors_info=\u00bb{}\u00bb][et_pb_column type=\u00bb4_4&#8243; _builder_version=\u00bb4.16&#8243; _module_preset=\u00bbdefault\u00bb global_colors_info=\u00bb{}\u00bb][et_pb_text _builder_version=\u00bb4.18.0&#8243; _module_preset=\u00bbdefault\u00bb header_text_align=\u00bbcenter\u00bb header_text_color=\u00bb#5dc421&#8243; header_font_size=\u00bb35px\u00bb header_text_shadow_style=\u00bbpreset2&#8243; global_colors_info=\u00bb{}\u00bb]<\/p>\n<p><strong>EMPRESA ORGANIZADORA DE LA PROMOCIO\u0301N <\/strong><\/p>\n<p>La empresa DOMO GLAMP DCC (Grupo Dcc 3000 S.L.) \u200bcon domicilio en <strong>C\/Ingeniero Juan de la Cierva , 36 Ofic, 9, 14013 C\u00f3rdoba<\/strong> y nu\u0301mero identificativo <strong>B56063993<\/strong> organiza con fines promocionales el <strong>sorteo de UNA EXPERIENCIA GEODESICA para 2 personas en DOMO. <\/strong>en adelante, \u201cla <strong>promocio\u0301n<\/strong>\u200b\u201d) de \u00a0\u00e1mbito nacional, a desarrollar a trav\u00e9s de Internet, exclusivo para usuarios residentes en Espa\u00f1a y Portugal, mayores de edad de acuerdo con lo dispuesto en el apartado de condiciones para participar.<\/p>\n<p>&nbsp;<\/p>\n<p><strong>2.-FECHAS DEL SORTEO Y PAQUETE SORTEADO <\/strong><\/p>\n<p>La promocio\u0301n se iniciara\u0301 el di\u0301a <strong>18 de septiembre 2023 <\/strong>y finalizara\u0301 el di\u0301a 23<strong> de octubre de 2023.<\/strong><\/p>\n<p>Se sortear\u00e1 la siguiente experiencia GEODESICA VIP:<\/p>\n<p>-Alojamiento DOS personas en DOMO GEODESICO con jacuzzi ubicado en zona de la Juder\u00eda de C\u00f3rdoba con vistas a la Mezquita.<\/p>\n<p>-PACK LUJO en DOMO compuesto por:<\/p>\n<p>-Caf\u00e9 \/Tes<\/p>\n<p>-Lote salados<\/p>\n<p>-Lote dulces<\/p>\n<p>-Botella Champ\u00e1n<\/p>\n<p>&nbsp;<\/p>\n<p><strong>3.- REQUISITOS DE PARTICIPACIO\u0301N Y MECA\u0301NICA DE LA PROMOCIO\u0301N<\/strong><\/p>\n<p><strong>\u00a0<\/strong>Los requisitos de participaci\u00f3n ser\u00e1n los siguientes:<\/p>\n<ul>\n<li>Podr\u00e1n participar aquellas personas que residan en Espa\u00f1a y Portugal y sean mayores de 18 a\u00f1os\u200b<\/li>\n<li>Podr\u00e1n acceder al sorteo los visitantes de a la feria CARAVANING en BARCELONA depositando en la urna habilitada a tal efecto en nuestro stand de feria el formulario adjunto<\/li>\n<li>Podr\u00e1n acceder al sorteo los que participen en el mismo a trav\u00e9s de las redes sociales de Instagram (@domoglamp_dcc), para lo cual deber\u00e1n:\n<ul>\n<li>Darle a \u201cMe gusta\u201d al post del sorteo habilitado a tal efecto<\/li>\n<li>Seguir la cuenta de Instagram<\/li>\n<li>Darle \u00bbLike\u00bb al post del sorteo habilitado a tal efecto<\/li>\n<li>Subir el post a tu historia<\/li>\n<li>Hagan un comentario en el mismo mencionando a un amigo \u00f3 persona con la que quieren compartir la experiencia GEODESICA<\/li>\n<\/ul>\n<\/li>\n<\/ul>\n<ul>\n<li>(Los participantes a trav\u00e9s de la feria CARAVANING solo podr\u00e1n depositar una papeleta por persona y direcci\u00f3n de correo electr\u00f3nico.<\/li>\n<li>Los participantes a trav\u00e9s de redes sociales, pueden participar cuantas veces deseen con un tope de 20, siempre que cumplan los requisitos del sorteo y mencionando a diferentes personas.<\/li>\n<\/ul>\n<p>La mec\u00e1nica de la promocio\u0301n consiste en\u200b el sorteo de una <strong>experiencia GEODESICA detallada en el punto 2.- <\/strong>a trav\u00e9s de la web Easypromos con un recuento previo de las personas que han cumplido las normas antes citadas.<\/p>\n<p>&nbsp;<\/p>\n<p><strong>4.- CONDICIONES DE LA PROMOCIO\u0301N Y PREMIOS <\/strong><\/p>\n<p>Se elegira\u0301 1 ganador y 2 suplentes mediante la web de concursos Easypromos el d\u00eda 23 de octubre de 2023.<\/p>\n<p>El ganador obtendr\u00e1 como premio EL <strong>PAQUETE SORTEADO <\/strong>\u00a0detallado en el punto <strong>2.-<\/strong><\/p>\n<p>DOMO GLAMP DCC (Grupo Dcc 3000 S.L.) emitir\u00e1 una <strong>TARJETA REGALO<\/strong> a nombre del ganador del sorteo, el cual podr\u00e1 canjearla seg\u00fan disponibilidad de fechas del Alojamiento con los servicios que incluye.<\/p>\n<p>La Tarjeta entregada tendr\u00e1 una caducidad de 1 A\u00d1O<\/p>\n<p><strong>\u00a0<\/strong><\/p>\n<p><strong>5.- LIMITACIONES <\/strong><\/p>\n<p>Si se evidenciase que cualquiera de los participantes no cumple con los requisitos exigidos en las Bases, o los datos proporcionados para participar no fueran va\u0301lidos, su participacio\u0301n se considerara\u0301 nula y quedara\u0301n automa\u0301ticamente excluidos de la Promocio\u0301n, perdiendo todo derecho sobre el premio otorgado en virtud de esta Promocio\u0301n.<\/p>\n<p>El premio entregado no sera\u0301 transferible ni susceptible de cambios, alteraciones o compensaciones a peticio\u0301n de los Participantes, no pudiendo ser canjeado por cualquier otro producto ni por dinero.<\/p>\n<p>Domo Glamp Dcc (Grupo Dcc 3000 S.L.) se reserva el derecho, si concurre justa causa y previa comunicacio\u0301n en legal forma, de efectuar cualquier cambio, suspender o ampliar esta Promocio\u0301n.<\/p>\n<p>Correra\u0301n a cuenta y cargo del ganador cualquier carga fiscal o tributaria que la aceptacio\u0301n del premio pudiera suponerle, asi\u0301 como cualquier otro gasto derivado de la promocio\u0301n que no este\u0301 expresamente asumido por Domo Glamp Dcc (Grupo Dcc 3000 S.L.) en las presentes Bases Legales.<\/p>\n<p>Domo Glamp Dcc (Grupo Dcc 3000 S.L.) no se hace cargo del env\u00edo del premio. Los premiados deber\u00e1n disfrutar de la experiencia en Domo Glamp Dcc (Grupo Dcc 3000 S.L.).<\/p>\n<p>Se establece un plazo de QUINCE (15) di\u0301as naturales desde la fecha de la concesio\u0301n del premio, para efectuar cualquier reclamacio\u0301n motivada. Domo Glamp Dcc (Grupo Dcc 3000 S.L.) se reserva, en caso de obligada necesidad, el derecho de sustituir el premio por otro de similares caracteri\u0301sticas.<\/p>\n<p>&nbsp;<\/p>\n<p><strong>6.- PUBLICACIO\u0301N DE COMENTARIOS U OPINIONES <\/strong><\/p>\n<p>No se permitira\u0301n comentarios u opiniones cuyo contenido se considere inadecuado, que sean ofensivos, injuriosos o discriminatorios o que pudieran vulnerar derechos de terceros. Tampoco ser permitira\u0301n comentarios contra un particular que vulneren los principios de derecho al honor, a la intimidad personal y familiar y a la propia imagen. No nos responsabilizaremos de los dan\u0303os ocasionados por los comentarios que hagan los participantes en la Promocio\u0301n, y que en cualquier momento pudieran herir la sensibilidad de otros participantes.<\/p>\n<p>&nbsp;<\/p>\n<p><strong>7.- EXONERACIO\u0301N DE RESPONSABILIDAD <\/strong><\/p>\n<p>A ti\u0301tulo enunciativo, pero no limitativo, no nos responsabilizamos de las posibles pe\u0301rdidas, robos, retrasos o cualquiera otra circunstancia imputable a terceros que puedan afectar al desarrollo de la presente Promocio\u0301n, asi\u0301 como tampoco nos responsabilizamos a del uso que haga el participante respecto del premio que obtenga de esta Promocio\u0301n, y no asume responsabilidad alguna por ningu\u0301n dan\u0303o o perjuicio de cualquier tipo que pudieren sufrir los Participantes, ganador o terceros.<\/p>\n<p>No asumimos la responsabilidad en casos de fuerza mayor o caso fortuito que pudieran impedir la realizacio\u0301n de la Promocio\u0301n o el disfrute total o parcial del premio. En caso de que esta Promocio\u0301n no pudiera realizarse, bien por fraudes detectados en la misma, errores te\u0301cnicos, o cualquier otro motivo que no este\u0301 bajo el control de Domo Glamp Dcc (Grupo Dcc 3000 S.L.) y que afecte al normal desarrollo del Sorteo, nos reservamos el derecho a cancelar, modificar, o suspender la misma, incluyendo la pa\u0301gina web de participacio\u0301n.<\/p>\n<p>&nbsp;<\/p>\n<p><strong>8.- FACEBOOK <\/strong><\/p>\n<p>La promocio\u0301n no esta\u0301 patrocinada, avalada, administrada ni asociada en modo alguno a Facebook\/Instagram por lo que los Participantes liberan a dichas redes sociales de toda responsabilidad por los eventuales dan\u0303os que se deriven de la misma.<\/p>\n<p>&nbsp;<\/p>\n<p><strong>9.- PROTECCIO\u0301N DE DATOS PERSONALES <\/strong><\/p>\n<p>La empresa responsable del tratamiento de sus datos es <strong>Domo Glamp Dcc<\/strong> (Grupo Dcc 3000 S.L.) con domicilio en <strong>C\/Ingeniero Juan de la Cierva , 36 Ofic, 9, 14013 C\u00f3rdoba<\/strong> y nu\u0301mero identificativo <strong>B56063993,<\/strong> se toma muy en serio la proteccio\u0301n de su privacidad y de tus datos personales. Por lo tanto, tu informacio\u0301n personal se conserva de forma segura y se trata con el ma\u0301ximo cuidado.<\/p>\n<p>De conformidad con lo establecido en la normativa aplicable en materia de proteccio\u0301n de datos, y concretamente en el Reglamento (UE) 2016\/679 del Parlamento Europeo y del Consejo, de 27 de abril de 2016, relativo a la proteccio\u0301n de las personas fi\u0301sicas en lo que respecta al tratamiento de datos personales y a la libre circulacio\u0301n de estos datos, cada Participante, con la aceptacio\u0301n de estas Bases Legales consiente que los datos personales facilitados para la participacio\u0301n en este concurso sean incorporados a un fichero titularidad de Domo Glamp Dcc (Grupo Dcc 3000 S.L.) para tramitar la participacio\u0301n en el concurso y para comunicarle el premio en caso de que resultase Ganador.<\/p>\n<p>Le informamos de que sus datos personales de contacto sera\u0301n utilizados para las siguientes finalidades:<\/p>\n<p>Los Participantes garantizan que los datos personales facilitados son veraces y se hacen responsables de comunicar a Domo Glamp Dcc (Grupo Dcc 3000 S.L.) cualquier modificacio\u0301n de los mismos. Domo Glamp Dcc (Grupo Dcc 3000 S.L.) se reserva el derecho a excluir de la presente promocio\u0301n a todo Participante que haya facilitado datos falsos. Se recomienda tener la ma\u0301xima diligencia en materia de Proteccio\u0301n de Datos mediante la utilizacio\u0301n de herramientas de seguridad, no pudie\u0301ndose responsabilizar a Domo Glamp Dcc (Grupo Dcc 3000 S.L.) de sustracciones, modificaciones o pe\u0301rdidas de datos ili\u0301citas.<\/p>\n<p>Los Participantes tienen derecho a (i) acceder a sus datos personales, asi\u0301 como a (ii) solicitar la rectificacio\u0301n de los datos inexactos o, en su caso, solicitar su supresio\u0301n, (iii) solicitar la limitacio\u0301n del tratamiento de sus datos, (iv) oponerse al tratamiento de sus datos y (v) solicitar su portabilidad. Los Participantes pueden ejercer todos estos derechos en la siguiente direccio\u0301n de email <strong>contacta@domoglamping.com<\/strong>, el motivo de su peticio\u0301n.<\/p>\n<p>Los Participantes pueden tambie\u0301n, enviar su peticio\u0301n por correo ordinario a la siguiente direccio\u0301n: <strong>C\/Ingeniero Juan de la Cierva , 36 Ofic. 9, 14013 C\u00f3rdoba.<\/strong><\/p>\n<p>Sin perjuicio de cualquier otro recurso administrativo o accio\u0301n judicial, el Participante tendra\u0301 derecho a presentar una reclamacio\u0301n ante una Autoridad de Control, en particular en el Estado miembro en el que tenga su residencia habitual, lugar de trabajo o lugar de la supuesta infraccio\u0301n, en caso de que considere que el tratamiento de sus datos personales no es adecuado a la normativa, asi\u0301 como en el caso de no ver satisfecho el ejercicio de sus derechos.<\/p>\n<p>La Autoridad de Control ante la que se haya presentado la reclamacio\u0301n informara\u0301 al reclamante sobre el curso y el resultado de la reclamacio\u0301n.<\/p>\n<p>&nbsp;<\/p>\n<p><strong>10.- CAMBIOS <\/strong><\/p>\n<p>Nos reservamos el derecho de modificar o ampliar estas bases promocionales, en la medida que no perjudique o menoscabe los derechos de los participantes en la Promocio\u0301n.<\/p>\n<p>&nbsp;<\/p>\n<p><strong>11.- LEGISLACIO\u0301N APLICABLE Y JURISDICCIO\u0301N <\/strong><\/p>\n<p>Estas bases legales se regira\u0301n de conformidad con la ley espan\u0303ola. Sera\u0301n competentes para resolver cualquier reclamacio\u0301n o controversia que pudiera plantearse en relaci\u00f3n con la validez, interpretacio\u0301n o cumplimiento de estas bases los Juzgados y Tribunales de la ciudad de C\u00f3rdoba.<\/p>\n<p>[\/et_pb_text][\/et_pb_column][\/et_pb_row][\/et_pb_section]<\/p>\n","protected":false},"excerpt":{"rendered":"<p>BASES LEGALES SORTEO 2023EMPRESA ORGANIZADORA DE LA PROMOCIO\u0301N La empresa DOMO GLAMP DCC (Grupo Dcc 3000 S.L.) \u200bcon domicilio en C\/Ingeniero Juan de la Cierva , 36 Ofic, 9, 14013 C\u00f3rdoba y nu\u0301mero identificativo B56063993 organiza con fines promocionales el sorteo de UNA EXPERIENCIA GEODESICA para 2 personas en DOMO. en adelante, \u201cla promocio\u0301n\u200b\u201d) de [&hellip;]<\/p>\n","protected":false},"author":1,"featured_media":0,"parent":0,"menu_order":0,"comment_status":"closed","ping_status":"closed","template":"","meta":{"_et_pb_use_builder":"on","_et_pb_old_content":"","_et_gb_content_width":"","footnotes":""},"class_list":["post-1109","page","type-page","status-publish","hentry"],"_links":{"self":[{"href":"https:\/\/gestimedios.com\/domoglamping\/wp-json\/wp\/v2\/pages\/1109","targetHints":{"allow":["GET"]}}],"collection":[{"href":"https:\/\/gestimedios.com\/domoglamping\/wp-json\/wp\/v2\/pages"}],"about":[{"href":"https:\/\/gestimedios.com\/domoglamping\/wp-json\/wp\/v2\/types\/page"}],"author":[{"embeddable":true,"href":"https:\/\/gestimedios.com\/domoglamping\/wp-json\/wp\/v2\/users\/1"}],"replies":[{"embeddable":true,"href":"https:\/\/gestimedios.com\/domoglamping\/wp-json\/wp\/v2\/comments?post=1109"}],"version-history":[{"count":7,"href":"https:\/\/gestimedios.com\/domoglamping\/wp-json\/wp\/v2\/pages\/1109\/revisions"}],"predecessor-version":[{"id":1306,"href":"https:\/\/gestimedios.com\/domoglamping\/wp-json\/wp\/v2\/pages\/1109\/revisions\/1306"}],"wp:attachment":[{"href":"https:\/\/gestimedios.com\/domoglamping\/wp-json\/wp\/v2\/media?parent=1109"}],"curies":[{"name":"wp","href":"https:\/\/api.w.org\/{rel}","templated":true}]}}